{"id":832,"date":"2021-03-05T20:10:28","date_gmt":"2021-03-05T20:10:28","guid":{"rendered":"http:\/\/roterbund.de\/index.php\/about-us\/"},"modified":"2023-04-29T19:15:30","modified_gmt":"2023-04-29T19:15:30","slug":"gruendungserklaerung","status":"publish","type":"page","link":"https:\/\/roterbund.de\/index.php\/gruendungserklaerung\/","title":{"rendered":"Gr\u00fcndungserkl\u00e4rung"},"content":{"rendered":"\t\t<div data-elementor-type=\"wp-page\" data-elementor-id=\"832\" class=\"elementor elementor-832\">\n\t\t\t\t\t\t<section class=\"elementor-section elementor-top-section elementor-element elementor-element-6952cf8 elementor-section-height-min-height elementor-section-boxed elementor-section-height-default elementor-section-items-middle\" data-id=\"6952cf8\" data-element_type=\"section\" data-settings=\"{&quot;background_background&quot;:&quot;classic&quot;}\">\n\t\t\t\t\t\t\t<div class=\"elementor-background-overlay\"><\/div>\n\t\t\t\t\t\t\t<div class=\"elementor-container elementor-column-gap-no\">\n\t\t\t\t\t<div class=\"elementor-column elementor-col-100 elementor-top-column elementor-element elementor-element-4c6db26\" data-id=\"4c6db26\" data-element_type=\"column\">\n\t\t\t<div class=\"elementor-widget-wrap elementor-element-populated\">\n\t\t\t\t\t\t<div class=\"elementor-element elementor-element-628c3d6 elementor-widget-divider--view-line elementor-widget elementor-widget-divider\" data-id=\"628c3d6\" data-element_type=\"widget\" data-widget_type=\"divider.default\">\n\t\t\t\t<div class=\"elementor-widget-container\">\n\t\t\t<style>\/*! elementor - v3.21.0 - 22-05-2024 *\/\n.elementor-widget-divider{--divider-border-style:none;--divider-border-width:1px;--divider-color:#0c0d0e;--divider-icon-size:20px;--divider-element-spacing:10px;--divider-pattern-height:24px;--divider-pattern-size:20px;--divider-pattern-url:none;--divider-pattern-repeat:repeat-x}.elementor-widget-divider .elementor-divider{display:flex}.elementor-widget-divider .elementor-divider__text{font-size:15px;line-height:1;max-width:95%}.elementor-widget-divider .elementor-divider__element{margin:0 var(--divider-element-spacing);flex-shrink:0}.elementor-widget-divider .elementor-icon{font-size:var(--divider-icon-size)}.elementor-widget-divider .elementor-divider-separator{display:flex;margin:0;direction:ltr}.elementor-widget-divider--view-line_icon .elementor-divider-separator,.elementor-widget-divider--view-line_text .elementor-divider-separator{align-items:center}.elementor-widget-divider--view-line_icon .elementor-divider-separator:after,.elementor-widget-divider--view-line_icon .elementor-divider-separator:before,.elementor-widget-divider--view-line_text .elementor-divider-separator:after,.elementor-widget-divider--view-line_text .elementor-divider-separator:before{display:block;content:\"\";border-block-end:0;flex-grow:1;border-block-start:var(--divider-border-width) var(--divider-border-style) var(--divider-color)}.elementor-widget-divider--element-align-left .elementor-divider .elementor-divider-separator>.elementor-divider__svg:first-of-type{flex-grow:0;flex-shrink:100}.elementor-widget-divider--element-align-left .elementor-divider-separator:before{content:none}.elementor-widget-divider--element-align-left .elementor-divider__element{margin-left:0}.elementor-widget-divider--element-align-right .elementor-divider .elementor-divider-separator>.elementor-divider__svg:last-of-type{flex-grow:0;flex-shrink:100}.elementor-widget-divider--element-align-right .elementor-divider-separator:after{content:none}.elementor-widget-divider--element-align-right .elementor-divider__element{margin-right:0}.elementor-widget-divider--element-align-start .elementor-divider .elementor-divider-separator>.elementor-divider__svg:first-of-type{flex-grow:0;flex-shrink:100}.elementor-widget-divider--element-align-start .elementor-divider-separator:before{content:none}.elementor-widget-divider--element-align-start .elementor-divider__element{margin-inline-start:0}.elementor-widget-divider--element-align-end .elementor-divider .elementor-divider-separator>.elementor-divider__svg:last-of-type{flex-grow:0;flex-shrink:100}.elementor-widget-divider--element-align-end .elementor-divider-separator:after{content:none}.elementor-widget-divider--element-align-end .elementor-divider__element{margin-inline-end:0}.elementor-widget-divider:not(.elementor-widget-divider--view-line_text):not(.elementor-widget-divider--view-line_icon) .elementor-divider-separator{border-block-start:var(--divider-border-width) var(--divider-border-style) var(--divider-color)}.elementor-widget-divider--separator-type-pattern{--divider-border-style:none}.elementor-widget-divider--separator-type-pattern.elementor-widget-divider--view-line .elementor-divider-separator,.elementor-widget-divider--separator-type-pattern:not(.elementor-widget-divider--view-line) .elementor-divider-separator:after,.elementor-widget-divider--separator-type-pattern:not(.elementor-widget-divider--view-line) .elementor-divider-separator:before,.elementor-widget-divider--separator-type-pattern:not([class*=elementor-widget-divider--view]) .elementor-divider-separator{width:100%;min-height:var(--divider-pattern-height);-webkit-mask-size:var(--divider-pattern-size) 100%;mask-size:var(--divider-pattern-size) 100%;-webkit-mask-repeat:var(--divider-pattern-repeat);mask-repeat:var(--divider-pattern-repeat);background-color:var(--divider-color);-webkit-mask-image:var(--divider-pattern-url);mask-image:var(--divider-pattern-url)}.elementor-widget-divider--no-spacing{--divider-pattern-size:auto}.elementor-widget-divider--bg-round{--divider-pattern-repeat:round}.rtl .elementor-widget-divider .elementor-divider__text{direction:rtl}.e-con-inner>.elementor-widget-divider,.e-con>.elementor-widget-divider{width:var(--container-widget-width,100%);--flex-grow:var(--container-widget-flex-grow)}<\/style>\t\t<div class=\"elementor-divider\">\n\t\t\t<span class=\"elementor-divider-separator\">\n\t\t\t\t\t\t<\/span>\n\t\t<\/div>\n\t\t\t\t<\/div>\n\t\t\t\t<\/div>\n\t\t\t\t<div class=\"elementor-element elementor-element-558ce53 elementor-widget elementor-widget-heading\" data-id=\"558ce53\" data-element_type=\"widget\" data-widget_type=\"heading.default\">\n\t\t\t\t<div class=\"elementor-widget-container\">\n\t\t\t<style>\/*! elementor - v3.21.0 - 22-05-2024 *\/\n.elementor-heading-title{padding:0;margin:0;line-height:1}.elementor-widget-heading .elementor-heading-title[class*=elementor-size-]>a{color:inherit;font-size:inherit;line-height:inherit}.elementor-widget-heading .elementor-heading-title.elementor-size-small{font-size:15px}.elementor-widget-heading .elementor-heading-title.elementor-size-medium{font-size:19px}.elementor-widget-heading .elementor-heading-title.elementor-size-large{font-size:29px}.elementor-widget-heading .elementor-heading-title.elementor-size-xl{font-size:39px}.elementor-widget-heading .elementor-heading-title.elementor-size-xxl{font-size:59px}<\/style><h1 class=\"elementor-heading-title elementor-size-default\">Gr\u00fcndungserkl\u00e4rung des Roten Bundes\u200b<\/h1>\t\t<\/div>\n\t\t\t\t<\/div>\n\t\t\t\t<div class=\"elementor-element elementor-element-b6c2875 elementor-widget elementor-widget-text-editor\" data-id=\"b6c2875\" data-element_type=\"widget\" data-widget_type=\"text-editor.default\">\n\t\t\t\t<div class=\"elementor-widget-container\">\n\t\t\t<style>\/*! elementor - v3.21.0 - 22-05-2024 *\/\n.elementor-widget-text-editor.elementor-drop-cap-view-stacked .elementor-drop-cap{background-color:#69727d;color:#fff}.elementor-widget-text-editor.elementor-drop-cap-view-framed .elementor-drop-cap{color:#69727d;border:3px solid;background-color:transparent}.elementor-widget-text-editor:not(.elementor-drop-cap-view-default) .elementor-drop-cap{margin-top:8px}.elementor-widget-text-editor:not(.elementor-drop-cap-view-default) .elementor-drop-cap-letter{width:1em;height:1em}.elementor-widget-text-editor .elementor-drop-cap{float:left;text-align:center;line-height:1;font-size:50px}.elementor-widget-text-editor .elementor-drop-cap-letter{display:inline-block}<\/style>\t\t\t\t<p>Der Rote Bund ist eine bundesweite Aktivistenorganisation, in der revolution\u00e4r gesinnte Aktivisten sich auf Grundlage politischer Standpunkte zusammengeschlossenen haben. In unserer Gr\u00fcndungserkl\u00e4rung legen wir diese da.<\/p>\t\t\t\t\t\t<\/div>\n\t\t\t\t<\/div>\n\t\t\t\t\t<\/div>\n\t\t<\/div>\n\t\t\t\t\t<\/div>\n\t\t<\/section>\n\t\t<div class=\"elementor-element elementor-element-07ea2b4 e-flex e-con-boxed e-con e-parent\" data-id=\"07ea2b4\" data-element_type=\"container\">\n\t\t\t\t\t<div class=\"e-con-inner\">\n\t\t\t\t<div class=\"elementor-element elementor-element-0339054 elementor-widget-divider--view-line elementor-widget elementor-widget-divider\" data-id=\"0339054\" data-element_type=\"widget\" data-widget_type=\"divider.default\">\n\t\t\t\t<div class=\"elementor-widget-container\">\n\t\t\t\t\t<div class=\"elementor-divider\">\n\t\t\t<span class=\"elementor-divider-separator\">\n\t\t\t\t\t\t<\/span>\n\t\t<\/div>\n\t\t\t\t<\/div>\n\t\t\t\t<\/div>\n\t\t\t\t<div class=\"elementor-element elementor-element-a9a10c6 elementor-widget elementor-widget-text-editor\" data-id=\"a9a10c6\" data-element_type=\"widget\" data-widget_type=\"text-editor.default\">\n\t\t\t\t<div class=\"elementor-widget-container\">\n\t\t\t\t\t\t\t<p style=\"text-align: right;\"><em>Proletarier aller L\u00e4nder, vereinigt euch!<\/em><\/p>\t\t\t\t\t\t<\/div>\n\t\t\t\t<\/div>\n\t\t\t\t<div class=\"elementor-element elementor-element-4dba6ba elementor-widget elementor-widget-heading\" data-id=\"4dba6ba\" data-element_type=\"widget\" data-widget_type=\"heading.default\">\n\t\t\t\t<div class=\"elementor-widget-container\">\n\t\t\t<h2 class=\"elementor-heading-title elementor-size-default\">Gr\u00fcndungserkl\u00e4rung des Roten Bundes\u200b<\/h2>\t\t<\/div>\n\t\t\t\t<\/div>\n\t\t\t\t<div class=\"elementor-element elementor-element-fba97f7 elementor-widget elementor-widget-text-editor\" data-id=\"fba97f7\" data-element_type=\"widget\" data-widget_type=\"text-editor.default\">\n\t\t\t\t<div class=\"elementor-widget-container\">\n\t\t\t\t\t\t\t<p>Der Rote Bund ist eine bundesweite Aktivistenorganisation, in der revolution\u00e4r gesinnte Aktivisten sich auf Grundlage der folgenden politischen Standpunkte zusammengeschlossenen haben:<\/p><p>\u25cf Wir k\u00e4mpfen f\u00fcr die Interessen der Arbeiterklasse und der werkt\u00e4tigen Massen gegen die \u00f6konomischen, politischen und ideologischen Angriffe der Bourgeoisie und ihres Staates. Wir f\u00f6rdern den Klassenkampf der Arbeiterklasse als Kampf f\u00fcr die sozialistische Revolution in Deutschland, welche wir als Teil der proletarischen Weltrevolution und dieser dienend verstehen. Wir streben danach, den Kampf f\u00fcr die Tagesforderungen, als Teil des Kampfes Klasse gegen Klasse, zu entfalten, damit jeder Kampf dem Kampf der Arbeiterklasse f\u00fcr die Eroberung der politischen Macht dient.<\/p><p>\u25cf Wir lehnen allen b\u00fcrgerlichen Parteien ab. Wir verurteilen die falschen F\u00fchrer des Revisionismus und Opportunismus in jeder Form und die korporatistische F\u00fchrung der Gewerkschaften, die die Interessen der Arbeiterklasse verraten. Wir unterst\u00fctzen die Klassenorganisation der Arbeiterklasse und den Kampf f\u00fcr die Rekonstitution seiner eigenen Organisationen, sowie der Kommunistischen Partei Deutschlands. Wir betreiben und f\u00f6rdern den Wahlboykott der breiten Massen.<\/p><p>\u25cf Wir unterst\u00fctzen den antiimperialistischen Kampf sowie die demokratischen und revolution\u00e4ren K\u00e4mpfe fortschrittlicher und demokratischer Organisationen und Einzelpersonen in allen L\u00e4ndern, die sich f\u00fcr die Rechte des Volkes und die der revolution\u00e4ren und antiimperialistischen politischen Gefangenen und Kriegsgefangenen einsetzen.<\/p><p>\u25cf Wir verteidigen das Selbstbestimmungsrecht der Nationen, das Recht der antiimperialistischen Bewegungen, ihre Kampfformen selbst zu w\u00e4hlen, das Recht auf Organisations-, Versammlungs- und Meinungsfreiheit f\u00fcr die V\u00f6lker in allen L\u00e4ndern, und die Rechte der antiimperialistischen und revolution\u00e4ren politischen Gefangenen, insbesondere f\u00fcr die Anerkennung des Kriegsgefangenenstatus f\u00fcr antiimperialistische und revolution\u00e4re K\u00e4mpfer.<\/p><p>\u25cf Wir k\u00e4mpfen gegen den deutschen Imperialismus, sowie die \u00fcbrigen imperialistischen M\u00e4chte und Superm\u00e4chte und alle ihre Lakaien, die imperialistischen Kriege und Aggressionen, die willk\u00fcrlichen reaktion\u00e4ren Kampagnen, die antiimperialistische und revolution\u00e4re Bewegungen als \u201eTerroristen\u201c diffamieren, die Verfolgung von Arbeiter-, Volks- und fortschrittlichen Organisationen und anderen, die die Interessen des Volkes verteidigen, und die Kriminalisierung des Arbeiter-, Volks- und antiimperialistischen Protests. Die NATO und die EU sind internationale R\u00e4uberbanden und geh\u00f6ren zerschlagen.<\/p><p>\u25cf Wir verstehen uns als ein Teil der internationalen Arbeiterklasse und der weltweiten revolution\u00e4ren Volksbewegung. Wir sehen die von Kommunistischen Parteien gef\u00fchrten Volkskriege, heute in Peru, der T\u00fcrkei, Indien und auf den Philippinen, als die Leuchtfeuer im Kampf f\u00fcr die Befreiung vom Joch des Imperialismus, die den Weg zeigen, dem heute alle Unterdr\u00fcckten und Ausgebeuteten auf der Welt folgen m\u00fcssen. Entsprechend k\u00e4mpfen wir daf\u00fcr, diese gegen jeden Angriff zu verteidigen und arbeiten aktiv daf\u00fcr, die Unterst\u00fctzung dieser mittels Agitation und Propaganda zu entwickeln und zu st\u00e4rken.<\/p><p>\u25cf Wir stehen gemeinsam gegen die Repression des imperialistischen Staates gegen die Arbeiter und die revolution\u00e4re Bewegung, mit allen, die davon betroffen sind. Wir k\u00e4mpfen gegen Militarismus, Faschismus und Rassismus in jeder Form. Wir verstehen die Spaltung der Arbeiterklasse in einheimische und ausl\u00e4ndische Arbeiter als das gr\u00f6\u00dfte Hindernis f\u00fcr die Entwicklung der revolution\u00e4ren Arbeiterbewegung und bek\u00e4mpfen den imperialistischen deutschen Chauvinismus. Wir sind proletarische Internationalisten und sind tief \u00fcberzeugt, dass die Arbeiterklasse kein Vaterland hat.<\/p><p>\u25cf Wir k\u00e4mpfen f\u00fcr die Entwicklung der klassenbewussten revolution\u00e4ren Frauenbewegung. Wir lehnen jede Form der \u201eIdentit\u00e4tspolitik\u201c und des \u201ePostmodernismus\u201c ab und erheben den proletarischen Feminismus im Kampf gegen das Patriarchat. Wir k\u00e4mpfen daf\u00fcr, den revolution\u00e4ren Zorn der Frau zu entfesseln, als eine m\u00e4chtige Kraft der proletarischen Revolution.<\/p><p>\u25cf Unsere Weltanschauung kann in dem Satz \u201e<strong>Die Rebellion ist gerechtfertigt!<\/strong>\u201c zusammengefasst werden. Unser politischer Standpunkt ist der, der Arbeiterklasse. Wir sind revolution\u00e4re Aktivisten und rufen alle vom Imperialismus Ausgebeuteten und Unterdr\u00fcckten auf: <strong>K\u00e4mpft und wehrt euch!<\/strong><\/p><p>Jeder, der bereit ist, auf dieser Grundlage mit uns zusammen zu k\u00e4mpfen, soll sich mit uns in Verbindung setzen, damit wir gemeinsam den Roten Bund aufbauen, entwickeln und st\u00e4rken k\u00f6nnen, im Dienste der Arbeiterklasse und der werkt\u00e4tigen Massen in Deutschland und der Welt.<\/p><p style=\"text-align: center;\"><strong>Gr\u00fcndungstagung Roter Bund, 25. M\u00e4rz 2023<\/strong><\/p>\t\t\t\t\t\t<\/div>\n\t\t\t\t<\/div>\n\t\t\t\t\t<\/div>\n\t\t\t\t<\/div>\n\t\t\t\t<\/div>\n\t\t","protected":false},"excerpt":{"rendered":"<p>Gr\u00fcndungserkl\u00e4rung des Roten Bundes\u200b Der Rote Bund ist eine bundesweite Aktivistenorganisation, in der revolution\u00e4r gesinnte Aktivisten sich auf Grundlage politischer Standpunkte zusammengeschlossenen haben. In unserer Gr\u00fcndungserkl\u00e4rung legen wir diese da. [&hellip;]<\/p>\n","protected":false},"author":1,"featured_media":0,"parent":0,"menu_order":0,"comment_status":"closed","ping_status":"closed","template":"","meta":{"_monsterinsights_skip_tracking":false,"_monsterinsights_sitenote_active":false,"_monsterinsights_sitenote_note":"","_monsterinsights_sitenote_category":0,"site-sidebar-layout":"no-sidebar","site-content-layout":"page-builder","ast-site-content-layout":"","site-content-style":"default","site-sidebar-style":"default","ast-global-header-display":"","ast-banner-title-visibility":"","ast-main-header-display":"","ast-hfb-above-header-display":"","ast-hfb-below-header-display":"","ast-hfb-mobile-header-display":"","site-post-title":"disabled","ast-breadcrumbs-content":"disabled","ast-featured-img":"disabled","footer-sml-layout":"","theme-transparent-header-meta":"enabled","adv-header-id-meta":"","stick-header-meta":"","header-above-stick-meta":"","header-main-stick-meta":"","header-below-stick-meta":"","astra-migrate-meta-layouts":"default","ast-page-background-enabled":"default","ast-page-background-meta":{"desktop":{"background-color":"","background-image":"","background-repeat":"repeat","background-position":"center center","background-size":"auto","background-attachment":"scroll","background-type":"","background-media":"","overlay-type":"","overlay-color":"","overlay-gradient":""},"tablet":{"background-color":"","background-image":"","background-repeat":"repeat","background-position":"center center","background-size":"auto","background-attachment":"scroll","background-type":"","background-media":"","overlay-type":"","overlay-color":"","overlay-gradient":""},"mobile":{"background-color":"","background-image":"","background-repeat":"repeat","background-position":"center center","background-size":"auto","background-attachment":"scroll","background-type":"","background-media":"","overlay-type":"","overlay-color":"","overlay-gradient":""}},"ast-content-background-meta":{"desktop":{"background-color":"var(--ast-global-color-5)","background-image":"","background-repeat":"repeat","background-position":"center center","background-size":"auto","background-attachment":"scroll","background-type":"","background-media":"","overlay-type":"","overlay-color":"","overlay-gradient":""},"tablet":{"background-color":"var(--ast-global-color-5)","background-image":"","background-repeat":"repeat","background-position":"center center","background-size":"auto","background-attachment":"scroll","background-type":"","background-media":"","overlay-type":"","overlay-color":"","overlay-gradient":""},"mobile":{"background-color":"var(--ast-global-color-5)","background-image":"","background-repeat":"repeat","background-position":"center center","background-size":"auto","background-attachment":"scroll","background-type":"","background-media":"","overlay-type":"","overlay-color":"","overlay-gradient":""}},"footnotes":""},"class_list":["post-832","page","type-page","status-publish","hentry"],"yoast_head":"<!-- This site is optimized with the Yoast SEO plugin v23.0 - https:\/\/yoast.com\/wordpress\/plugins\/seo\/ -->\n<title>Gr\u00fcndungserkl\u00e4rung - Roter Bund<\/title>\n<meta name=\"robots\" content=\"index, follow, max-snippet:-1, max-image-preview:large, max-video-preview:-1\" \/>\n<link rel=\"canonical\" href=\"https:\/\/roterbund.de\/index.php\/gruendungserklaerung\/\" \/>\n<meta property=\"og:locale\" content=\"de_DE\" \/>\n<meta property=\"og:type\" content=\"article\" \/>\n<meta property=\"og:title\" content=\"Gr\u00fcndungserkl\u00e4rung - Roter Bund\" \/>\n<meta property=\"og:description\" content=\"Gr\u00fcndungserkl\u00e4rung des Roten Bundes\u200b Der Rote Bund ist eine bundesweite Aktivistenorganisation, in der revolution\u00e4r gesinnte Aktivisten sich auf Grundlage politischer Standpunkte zusammengeschlossenen haben. In unserer Gr\u00fcndungserkl\u00e4rung legen wir diese da. [&hellip;]\" \/>\n<meta property=\"og:url\" content=\"https:\/\/roterbund.de\/index.php\/gruendungserklaerung\/\" \/>\n<meta property=\"og:site_name\" content=\"Roter Bund\" \/>\n<meta property=\"article:modified_time\" content=\"2023-04-29T19:15:30+00:00\" \/>\n<meta name=\"twitter:card\" content=\"summary_large_image\" \/>\n<meta name=\"twitter:label1\" content=\"Gesch\u00e4tzte Lesezeit\" \/>\n\t<meta name=\"twitter:data1\" content=\"4\u00a0Minuten\" \/>\n<script type=\"application\/ld+json\" class=\"yoast-schema-graph\">{\"@context\":\"https:\/\/schema.org\",\"@graph\":[{\"@type\":\"WebPage\",\"@id\":\"https:\/\/roterbund.de\/index.php\/gruendungserklaerung\/\",\"url\":\"https:\/\/roterbund.de\/index.php\/gruendungserklaerung\/\",\"name\":\"Gr\u00fcndungserkl\u00e4rung - Roter Bund\",\"isPartOf\":{\"@id\":\"http:\/\/roterbund.de\/#website\"},\"datePublished\":\"2021-03-05T20:10:28+00:00\",\"dateModified\":\"2023-04-29T19:15:30+00:00\",\"breadcrumb\":{\"@id\":\"https:\/\/roterbund.de\/index.php\/gruendungserklaerung\/#breadcrumb\"},\"inLanguage\":\"de\",\"potentialAction\":[{\"@type\":\"ReadAction\",\"target\":[\"https:\/\/roterbund.de\/index.php\/gruendungserklaerung\/\"]}]},{\"@type\":\"BreadcrumbList\",\"@id\":\"https:\/\/roterbund.de\/index.php\/gruendungserklaerung\/#breadcrumb\",\"itemListElement\":[{\"@type\":\"ListItem\",\"position\":1,\"name\":\"Startseite\",\"item\":\"http:\/\/roterbund.de\/\"},{\"@type\":\"ListItem\",\"position\":2,\"name\":\"Gr\u00fcndungserkl\u00e4rung\"}]},{\"@type\":\"WebSite\",\"@id\":\"http:\/\/roterbund.de\/#website\",\"url\":\"http:\/\/roterbund.de\/\",\"name\":\"Roter Bund\",\"description\":\"Webseite des Roten Bundes\",\"potentialAction\":[{\"@type\":\"SearchAction\",\"target\":{\"@type\":\"EntryPoint\",\"urlTemplate\":\"http:\/\/roterbund.de\/?s={search_term_string}\"},\"query-input\":\"required name=search_term_string\"}],\"inLanguage\":\"de\"}]}<\/script>\n<!-- \/ Yoast SEO plugin. -->","yoast_head_json":{"title":"Gr\u00fcndungserkl\u00e4rung - Roter Bund","robots":{"index":"index","follow":"follow","max-snippet":"max-snippet:-1","max-image-preview":"max-image-preview:large","max-video-preview":"max-video-preview:-1"},"canonical":"https:\/\/roterbund.de\/index.php\/gruendungserklaerung\/","og_locale":"de_DE","og_type":"article","og_title":"Gr\u00fcndungserkl\u00e4rung - Roter Bund","og_description":"Gr\u00fcndungserkl\u00e4rung des Roten Bundes\u200b Der Rote Bund ist eine bundesweite Aktivistenorganisation, in der revolution\u00e4r gesinnte Aktivisten sich auf Grundlage politischer Standpunkte zusammengeschlossenen haben. In unserer Gr\u00fcndungserkl\u00e4rung legen wir diese da. [&hellip;]","og_url":"https:\/\/roterbund.de\/index.php\/gruendungserklaerung\/","og_site_name":"Roter Bund","article_modified_time":"2023-04-29T19:15:30+00:00","twitter_card":"summary_large_image","twitter_misc":{"Gesch\u00e4tzte Lesezeit":"4\u00a0Minuten"},"schema":{"@context":"https:\/\/schema.org","@graph":[{"@type":"WebPage","@id":"https:\/\/roterbund.de\/index.php\/gruendungserklaerung\/","url":"https:\/\/roterbund.de\/index.php\/gruendungserklaerung\/","name":"Gr\u00fcndungserkl\u00e4rung - Roter Bund","isPartOf":{"@id":"http:\/\/roterbund.de\/#website"},"datePublished":"2021-03-05T20:10:28+00:00","dateModified":"2023-04-29T19:15:30+00:00","breadcrumb":{"@id":"https:\/\/roterbund.de\/index.php\/gruendungserklaerung\/#breadcrumb"},"inLanguage":"de","potentialAction":[{"@type":"ReadAction","target":["https:\/\/roterbund.de\/index.php\/gruendungserklaerung\/"]}]},{"@type":"BreadcrumbList","@id":"https:\/\/roterbund.de\/index.php\/gruendungserklaerung\/#breadcrumb","itemListElement":[{"@type":"ListItem","position":1,"name":"Startseite","item":"http:\/\/roterbund.de\/"},{"@type":"ListItem","position":2,"name":"Gr\u00fcndungserkl\u00e4rung"}]},{"@type":"WebSite","@id":"http:\/\/roterbund.de\/#website","url":"http:\/\/roterbund.de\/","name":"Roter Bund","description":"Webseite des Roten Bundes","potentialAction":[{"@type":"SearchAction","target":{"@type":"EntryPoint","urlTemplate":"http:\/\/roterbund.de\/?s={search_term_string}"},"query-input":"required name=search_term_string"}],"inLanguage":"de"}]}},"_links":{"self":[{"href":"https:\/\/roterbund.de\/index.php\/wp-json\/wp\/v2\/pages\/832","targetHints":{"allow":["GET"]}}],"collection":[{"href":"https:\/\/roterbund.de\/index.php\/wp-json\/wp\/v2\/pages"}],"about":[{"href":"https:\/\/roterbund.de\/index.php\/wp-json\/wp\/v2\/types\/page"}],"author":[{"embeddable":true,"href":"https:\/\/roterbund.de\/index.php\/wp-json\/wp\/v2\/users\/1"}],"replies":[{"embeddable":true,"href":"https:\/\/roterbund.de\/index.php\/wp-json\/wp\/v2\/comments?post=832"}],"version-history":[{"count":7,"href":"https:\/\/roterbund.de\/index.php\/wp-json\/wp\/v2\/pages\/832\/revisions"}],"predecessor-version":[{"id":1117,"href":"https:\/\/roterbund.de\/index.php\/wp-json\/wp\/v2\/pages\/832\/revisions\/1117"}],"wp:attachment":[{"href":"https:\/\/roterbund.de\/index.php\/wp-json\/wp\/v2\/media?parent=832"}],"curies":[{"name":"wp","href":"https:\/\/api.w.org\/{rel}","templated":true}]}}